{"id":2314,"date":"2023-10-12T11:05:21","date_gmt":"2023-10-12T09:05:21","guid":{"rendered":"https:\/\/xeca.a.vaia.cloud\/?page_id=2314"},"modified":"2024-12-05T12:04:14","modified_gmt":"2024-12-05T11:04:14","slug":"other-transport-consumables","status":"publish","type":"page","link":"https:\/\/tegsnas.se\/en\/tegsnas-wood\/ovriga-traforbrukningsmaterial\/","title":{"rendered":"Other wood consumables"},"content":{"rendered":"<ul>\n<li>Cut wood material<\/li>\n<li>Planed wood material<\/li>\n<li>Wedged wood plates<\/li>\n<li>Combinations with wood, well, foam, metal etc.<\/li>\n<li>And much more<\/li>\n<\/ul>\n<h3>Warehousing for fast service<\/h3>\n<p>All around our spacious factory site are stocks of goods ready to be dispatched to customers who need fast deliveries. As an extra service for those requiring fast delivery, we can provide an 'emergency stock' which can normally be delivered within 24 hours. Standard stick products are normally always in stock.<\/p>\n<p>Please contact us to find out more.<\/p>","protected":false},"excerpt":{"rendered":"<p>Kapade \u00c4mnen Hyvlade\u00a0\u00c4mnen Kilningsplattor Kombinationer med tr\u00e4, well, foam, metal\u00a0etc. Samt mycket mer Lagerh\u00e5llning f\u00f6r snabb service Runt om p\u00e5 v\u00e5r rymliga fabrikstomt st\u00e5r lager av varor redo att skickas ut till kunder\u00a0som har behov av snabba leveranser. Som en extra service till dig\u00a0som kr\u00e4ver snabba leveranser kan vi tillhandah\u00e5lla ett \u201dakutlager\u201d som normalt sett [&hellip;]<\/p>\n","protected":false},"author":2,"featured_media":1124,"parent":2064,"menu_order":0,"comment_status":"closed","ping_status":"closed","template":"","meta":{"_acf_changed":false,"footnotes":""},"tagg":[],"class_list":["post-2314","page","type-page","status-publish","has-post-thumbnail","hentry"],"acf":[],"_links":{"self":[{"href":"https:\/\/tegsnas.se\/en\/wp-json\/wp\/v2\/pages\/2314","targetHints":{"allow":["GET"]}}],"collection":[{"href":"https:\/\/tegsnas.se\/en\/wp-json\/wp\/v2\/pages"}],"about":[{"href":"https:\/\/tegsnas.se\/en\/wp-json\/wp\/v2\/types\/page"}],"author":[{"embeddable":true,"href":"https:\/\/tegsnas.se\/en\/wp-json\/wp\/v2\/users\/2"}],"replies":[{"embeddable":true,"href":"https:\/\/tegsnas.se\/en\/wp-json\/wp\/v2\/comments?post=2314"}],"version-history":[{"count":2,"href":"https:\/\/tegsnas.se\/en\/wp-json\/wp\/v2\/pages\/2314\/revisions"}],"predecessor-version":[{"id":4680,"href":"https:\/\/tegsnas.se\/en\/wp-json\/wp\/v2\/pages\/2314\/revisions\/4680"}],"up":[{"embeddable":true,"href":"https:\/\/tegsnas.se\/en\/wp-json\/wp\/v2\/pages\/2064"}],"wp:featuredmedia":[{"embeddable":true,"href":"https:\/\/tegsnas.se\/en\/wp-json\/wp\/v2\/media\/1124"}],"wp:attachment":[{"href":"https:\/\/tegsnas.se\/en\/wp-json\/wp\/v2\/media?parent=2314"}],"wp:term":[{"taxonomy":"tagg","embeddable":true,"href":"https:\/\/tegsnas.se\/en\/wp-json\/wp\/v2\/tagg?post=2314"}],"curies":[{"name":"wp","href":"https:\/\/api.w.org\/{rel}","templated":true}]}}