{"id":280,"date":"2023-09-04T12:52:12","date_gmt":"2023-09-04T10:52:12","guid":{"rendered":"https:\/\/xeca.a.vaia.cloud\/?page_id=280"},"modified":"2026-04-15T10:06:21","modified_gmt":"2026-04-15T08:06:21","slug":"certificate","status":"publish","type":"page","link":"https:\/\/tegsnas.se\/en\/miljo-hallbarhet\/certifikat\/","title":{"rendered":"Certificate"},"content":{"rendered":"<h3>Here you can find our certificates.<\/h3>","protected":false},"excerpt":{"rendered":"<p>Tegsn\u00e4s Group, together with Tegsn\u00e4s Emballage and Tegsn\u00e4s Logistics, is certified in quality, environment and work environment.<\/p>","protected":false},"author":2,"featured_media":3245,"parent":39,"menu_order":20,"comment_status":"closed","ping_status":"closed","template":"","meta":{"_acf_changed":false,"footnotes":""},"tagg":[],"class_list":["post-280","page","type-page","status-publish","has-post-thumbnail","hentry"],"acf":[],"_links":{"self":[{"href":"https:\/\/tegsnas.se\/en\/wp-json\/wp\/v2\/pages\/280","targetHints":{"allow":["GET"]}}],"collection":[{"href":"https:\/\/tegsnas.se\/en\/wp-json\/wp\/v2\/pages"}],"about":[{"href":"https:\/\/tegsnas.se\/en\/wp-json\/wp\/v2\/types\/page"}],"author":[{"embeddable":true,"href":"https:\/\/tegsnas.se\/en\/wp-json\/wp\/v2\/users\/2"}],"replies":[{"embeddable":true,"href":"https:\/\/tegsnas.se\/en\/wp-json\/wp\/v2\/comments?post=280"}],"version-history":[{"count":5,"href":"https:\/\/tegsnas.se\/en\/wp-json\/wp\/v2\/pages\/280\/revisions"}],"predecessor-version":[{"id":4982,"href":"https:\/\/tegsnas.se\/en\/wp-json\/wp\/v2\/pages\/280\/revisions\/4982"}],"up":[{"embeddable":true,"href":"https:\/\/tegsnas.se\/en\/wp-json\/wp\/v2\/pages\/39"}],"wp:featuredmedia":[{"embeddable":true,"href":"https:\/\/tegsnas.se\/en\/wp-json\/wp\/v2\/media\/3245"}],"wp:attachment":[{"href":"https:\/\/tegsnas.se\/en\/wp-json\/wp\/v2\/media?parent=280"}],"wp:term":[{"taxonomy":"tagg","embeddable":true,"href":"https:\/\/tegsnas.se\/en\/wp-json\/wp\/v2\/tagg?post=280"}],"curies":[{"name":"wp","href":"https:\/\/api.w.org\/{rel}","templated":true}]}}