{"id":35,"date":"2023-08-31T08:55:28","date_gmt":"2023-08-31T08:55:28","guid":{"rendered":"https:\/\/xeca.a.vaia.cloud\/?page_id=35"},"modified":"2026-04-13T11:16:38","modified_gmt":"2026-04-13T09:16:38","slug":"about-tegsnas-group","status":"publish","type":"page","link":"https:\/\/tegsnas.se\/en\/om-tegsnas-group\/","title":{"rendered":"About Tegsn\u00e4s Group"},"content":{"rendered":"<h2>Tegsn\u00e4s Group - in constant development<\/h2>\n<p>Much has happened since the start in 1907 when Ludvig Jonsson founded Tegsn\u00e4sskidan AB. Today the business consists of the Tegsn\u00e4s Group, with business areas, subsidiaries and associated companies. Almost 30 years ago, in 1996, Tomas Nilsson and H\u00e5kan Bjur\u00e9n bought Tegsn\u00e4sskidan and in 2008 Tomas' sons Jimmy and Benny took over the company.<\/p>\n<p>The core is still the same. Drawing strength from short decision-making paths and utilising the extensive expertise of our employees. Everyone should be involved.<\/p>\n<h3>A leading supplier<\/h3>\n<p>Tegsn\u00e4s Group is one of the market's leading suppliers of wood consumables, specialised packaging and building materials. The Tegsn\u00e4s Group also manufactures and markets the classic <a href=\"https:\/\/tegsnas.se\/en\/tegsnaz-scabbard\/\">Tegsn\u00e4s ski,<\/a> has recently formed the subsidiaries <a href=\"https:\/\/tegsnas.se\/en\/tegsnas-packaging\/\">Tegsn\u00e4s Packaging<\/a> and <a href=\"https:\/\/tegsnas.se\/en\/business-area\/tegsnas-logistics\/\">Tegsn\u00e4s Logistics<\/a> and is co-founder of <a href=\"https:\/\/tegsnas.se\/en\/brick-house\/\">Tegsn\u00e4shus<\/a>.<\/p>\n<p>The entire group has a turnover of around SEK 280 million. Today, the majority of all customers are in Sweden. Exports are about 20 per cent.<\/p>\n<p>The ambition is to be a market-leading, reliable manufacturer and supplier, while broadening and developing the business. Tegsn\u00e4s Group works with high-quality raw materials and also offers customer-specific warehousing, which ensures fast deliveries.<\/p>\n<p>With new forces and new ideas, we take Tegsn\u00e4s Group into the future.<\/p>","protected":false},"excerpt":{"rendered":"<p>Tegsn\u00e4s Group is a successful family group based in Tegsn\u00e4set six kilometres west of Ume\u00e5. With driving force, commitment and entrepreneurial spirit, the business develops every day.<\/p>","protected":false},"author":2,"featured_media":3270,"parent":0,"menu_order":1,"comment_status":"closed","ping_status":"closed","template":"","meta":{"_acf_changed":false,"footnotes":""},"tagg":[],"class_list":["post-35","page","type-page","status-publish","has-post-thumbnail","hentry"],"acf":[],"_links":{"self":[{"href":"https:\/\/tegsnas.se\/en\/wp-json\/wp\/v2\/pages\/35","targetHints":{"allow":["GET"]}}],"collection":[{"href":"https:\/\/tegsnas.se\/en\/wp-json\/wp\/v2\/pages"}],"about":[{"href":"https:\/\/tegsnas.se\/en\/wp-json\/wp\/v2\/types\/page"}],"author":[{"embeddable":true,"href":"https:\/\/tegsnas.se\/en\/wp-json\/wp\/v2\/users\/2"}],"replies":[{"embeddable":true,"href":"https:\/\/tegsnas.se\/en\/wp-json\/wp\/v2\/comments?post=35"}],"version-history":[{"count":5,"href":"https:\/\/tegsnas.se\/en\/wp-json\/wp\/v2\/pages\/35\/revisions"}],"predecessor-version":[{"id":4978,"href":"https:\/\/tegsnas.se\/en\/wp-json\/wp\/v2\/pages\/35\/revisions\/4978"}],"wp:featuredmedia":[{"embeddable":true,"href":"https:\/\/tegsnas.se\/en\/wp-json\/wp\/v2\/media\/3270"}],"wp:attachment":[{"href":"https:\/\/tegsnas.se\/en\/wp-json\/wp\/v2\/media?parent=35"}],"wp:term":[{"taxonomy":"tagg","embeddable":true,"href":"https:\/\/tegsnas.se\/en\/wp-json\/wp\/v2\/tagg?post=35"}],"curies":[{"name":"wp","href":"https:\/\/api.w.org\/{rel}","templated":true}]}}