{"id":378,"date":"2023-09-04T18:04:39","date_gmt":"2023-09-04T16:04:39","guid":{"rendered":"https:\/\/xeca.a.vaia.cloud\/?post_type=affarsomrade&#038;p=378"},"modified":"2024-12-05T10:41:24","modified_gmt":"2024-12-05T09:41:24","slug":"brick-house","status":"publish","type":"page","link":"https:\/\/tegsnas.se\/en\/tegsnashus\/","title":{"rendered":"Tegsn\u00e4shus"},"content":{"rendered":"<h2>Personal and unique with Tegsn\u00e4shus<\/h2>\n<p>With Tegsn\u00e4shus, freedom is maximised. With us, you can create your dream home and put your personal stamp on it. You as a customer are not bound by models in a catalogue. For us, your wishes are at the centre. The only requirements we have are that the projects are technically feasible and fulfil current regulations.<\/p>\n<p>We strive to find solutions that suit you as a customer and by using the highest quality building materials, we are a sustainable and cost-effective alternative. We have a wide range of materials and together we develop the best option based on the conditions. We use designs that are leading and we like to create what gives that little extra.<\/p>\n<p>We want to share ideas and experiences from previous projects. From the houses we build, we create new house models that others can use to create their own dream homes. This is a sustainable way for us to give back.<\/p>\n<p>Tegsn\u00e4shus has its origins in a passion for wood and construction. Creating houses that feel like home is a guiding principle in our work.<\/p>","protected":false},"excerpt":{"rendered":"<p>Personligt och unikt med Tegsn\u00e4shus Med Tegsn\u00e4shus \u00e4r friheten maximal. Hos oss kan du skapa ditt dr\u00f6mboende och s\u00e4tta din personliga pr\u00e4gel. Du som kund \u00e4r inte l\u00e5st av modeller i en katalog. F\u00f6r oss \u00e4r dina \u00f6nskem\u00e5l i centrum. De enda krav vi har \u00e4r att projekten \u00e4r byggtekniskt genomf\u00f6rbara och uppfyller g\u00e4llande regelverk. [&hellip;]<\/p>\n","protected":false},"author":2,"featured_media":1241,"parent":0,"menu_order":16,"comment_status":"closed","ping_status":"closed","template":"","meta":{"_acf_changed":false,"footnotes":""},"tagg":[],"class_list":["post-378","page","type-page","status-publish","has-post-thumbnail","hentry"],"acf":[],"_links":{"self":[{"href":"https:\/\/tegsnas.se\/en\/wp-json\/wp\/v2\/pages\/378","targetHints":{"allow":["GET"]}}],"collection":[{"href":"https:\/\/tegsnas.se\/en\/wp-json\/wp\/v2\/pages"}],"about":[{"href":"https:\/\/tegsnas.se\/en\/wp-json\/wp\/v2\/types\/page"}],"author":[{"embeddable":true,"href":"https:\/\/tegsnas.se\/en\/wp-json\/wp\/v2\/users\/2"}],"replies":[{"embeddable":true,"href":"https:\/\/tegsnas.se\/en\/wp-json\/wp\/v2\/comments?post=378"}],"version-history":[{"count":1,"href":"https:\/\/tegsnas.se\/en\/wp-json\/wp\/v2\/pages\/378\/revisions"}],"predecessor-version":[{"id":4536,"href":"https:\/\/tegsnas.se\/en\/wp-json\/wp\/v2\/pages\/378\/revisions\/4536"}],"wp:featuredmedia":[{"embeddable":true,"href":"https:\/\/tegsnas.se\/en\/wp-json\/wp\/v2\/media\/1241"}],"wp:attachment":[{"href":"https:\/\/tegsnas.se\/en\/wp-json\/wp\/v2\/media?parent=378"}],"wp:term":[{"taxonomy":"tagg","embeddable":true,"href":"https:\/\/tegsnas.se\/en\/wp-json\/wp\/v2\/tagg?post=378"}],"curies":[{"name":"wp","href":"https:\/\/api.w.org\/{rel}","templated":true}]}}