{"id":39,"date":"2023-08-31T08:56:01","date_gmt":"2023-08-31T06:56:01","guid":{"rendered":"https:\/\/xeca.a.vaia.cloud\/?page_id=39"},"modified":"2023-11-22T14:25:47","modified_gmt":"2023-11-22T13:25:47","slug":"environmental-sustainability","status":"publish","type":"page","link":"https:\/\/tegsnas.se\/en\/miljo-hallbarhet\/","title":{"rendered":"Environment and sustainability"},"content":{"rendered":"<h2>A long-term responsibility<\/h2>\n<p>Tegsn\u00e4s Group has a strong focus on environmental and quality issues. This is due to its northern origin, its proximity to nature and the fact that wood is the genuine and renewable material that permeates all products.<\/p>\n<p>We carefully select our wood raw material, use northern forests and work with responsible forestry companies and contractors. We strive to optimise the use of all raw materials and make the best possible use of the material. We create new by-products from waste and can reuse what was previously wasted in our own production and reprocess it, for example as finger-jointed material. This helps us to save on transport, secure material procurement and work more efficiently.<\/p>\n<h3>Utilising waste and making new products<\/h3>\n<p>Tegsn\u00e4s Group has recently initiated a special effort focusing on sustainable production, which means that all raw materials, including waste, can be utilised even more in production. The goal is to process the raw material in more steps than before and to use what was previously discarded in a new and better way. This means that the utilisation rate of the material increases and that we work smarter. In practice, this means several benefits. The working method also helps us to maintain our high delivery reliability.<\/p>\n<h3>More than just the environment<\/h3>\n<p>But sustainability is not just about the external environment, for Tegsn\u00e4s Group the concept is broader than that. Sustainability for us is also about work environment, quality and a healthy economy as well as how we act towards our customers, suppliers and between colleagues. We care about each other.<\/p>\n<p>We invest and want to grow further as a company, but we also want to take responsibility. We want to be an attractive employer, social player and industrial partner. We want to contribute to Swedish industry through sustainable raw materials, usable wood products, high-quality packaging and smart storage and logistics solutions. We also want to manage our origin through Tegsn\u00e4sskidan and strengthen people's outdoor life and nature experiences.<\/p>\n<h3>A certified company<\/h3>\n<p>Since 2022, Tegsn\u00e4s Group is certified within both ISO 9001 (quality) ISO14001 (environment), and ISO 45001 (work environment).<\/p>","protected":false},"excerpt":{"rendered":"<p>Ett l\u00e5ngsiktigt ansvar Tegsn\u00e4s Group har ett stort fokus p\u00e5 milj\u00f6- och kvalitetsfr\u00e5gor. Det kommer sig tack vare det norrl\u00e4ndska ursprunget, n\u00e4rheten till naturen och att tr\u00e4 \u00e4r det genuina och f\u00f6rnybara material som genomsyrar alla produkter. Vi v\u00e4ljer noga ut v\u00e5r tr\u00e4r\u00e5vara, anv\u00e4nder norrl\u00e4ndsk skog och arbetar med ansvarsfulla skogsbolag och entrepren\u00f6rer. Vi str\u00e4var [&hellip;]<\/p>\n","protected":false},"author":2,"featured_media":2819,"parent":0,"menu_order":3,"comment_status":"closed","ping_status":"closed","template":"","meta":{"_acf_changed":false,"footnotes":""},"tagg":[],"class_list":["post-39","page","type-page","status-publish","has-post-thumbnail","hentry"],"acf":[],"_links":{"self":[{"href":"https:\/\/tegsnas.se\/en\/wp-json\/wp\/v2\/pages\/39","targetHints":{"allow":["GET"]}}],"collection":[{"href":"https:\/\/tegsnas.se\/en\/wp-json\/wp\/v2\/pages"}],"about":[{"href":"https:\/\/tegsnas.se\/en\/wp-json\/wp\/v2\/types\/page"}],"author":[{"embeddable":true,"href":"https:\/\/tegsnas.se\/en\/wp-json\/wp\/v2\/users\/2"}],"replies":[{"embeddable":true,"href":"https:\/\/tegsnas.se\/en\/wp-json\/wp\/v2\/comments?post=39"}],"version-history":[{"count":2,"href":"https:\/\/tegsnas.se\/en\/wp-json\/wp\/v2\/pages\/39\/revisions"}],"predecessor-version":[{"id":3836,"href":"https:\/\/tegsnas.se\/en\/wp-json\/wp\/v2\/pages\/39\/revisions\/3836"}],"wp:featuredmedia":[{"embeddable":true,"href":"https:\/\/tegsnas.se\/en\/wp-json\/wp\/v2\/media\/2819"}],"wp:attachment":[{"href":"https:\/\/tegsnas.se\/en\/wp-json\/wp\/v2\/media?parent=39"}],"wp:term":[{"taxonomy":"tagg","embeddable":true,"href":"https:\/\/tegsnas.se\/en\/wp-json\/wp\/v2\/tagg?post=39"}],"curies":[{"name":"wp","href":"https:\/\/api.w.org\/{rel}","templated":true}]}}