{"id":4855,"date":"2025-03-26T08:38:42","date_gmt":"2025-03-26T07:38:42","guid":{"rendered":"https:\/\/tegsnas.se\/?page_id=4855"},"modified":"2025-06-11T15:37:15","modified_gmt":"2025-06-11T13:37:15","slug":"warehouse-hotel-in-umea","status":"publish","type":"page","link":"https:\/\/tegsnas.se\/en\/tegsnas-logistics\/lagerhotell-i-umea\/","title":{"rendered":"Storage hotel in Ume\u00e5"},"content":{"rendered":"<p>In Ume\u00e5, Tegsn\u00e4s Logistics offers brand new warehouse premises adapted for several different types of business. Do you need to rent your own part? Then this could be the right place for you.<\/p>\n<p>Tegsn\u00e4s Logistics' new warehouse along Fraktgatan on V\u00e4stersl\u00e4tt in Ume\u00e5 is modern and completely new. Here we offer a flexible warehouse hotel where most things can be solved and adapted to your needs.<\/p>\n<p><strong>For example, we offer:<\/strong><\/p>\n<ol>\n<li>Own locking bar for easy access.<\/li>\n<li>Access to a forklift truck.<\/li>\n<li>Warehouse management and logistics systems.<\/li>\n<li>Access to transport companies.<\/li>\n<li>Pallet racks or open spaces.<\/li>\n<\/ol>\n<h3>Scenarios for different needs:<\/h3>\n<p>Our new warehouse is perfect for those of you who fit into the following, for example:<\/p>\n<ul>\n<li>Industry that needs an intermediate storage facility.<\/li>\n<li>Craftsmen who need a warehouse for tools and materials.<\/li>\n<li>E-retailers who want to concentrate on sales and let us handle warehousing, logistics and transport.<\/li>\n<\/ul>\n<h3>Close to infrastructure<\/h3>\n<p>Our warehouse is located next to road 363, just a few minutes from the ring road around Ume\u00e5 and a hundred metres from the freight yard. The opportunities for efficient and fast logistics are enormous.<\/p>\n<h3>Technology and systems<\/h3>\n<p>Our warehouse is modern and spacious. It is customisable in almost every detail. In addition to space, we also offer the technical solution with appropriate systems, from fast and secure access to warehouse management and logistics solutions with freight companies. Our aim is to be flexible and customisable.<\/p>\n<h3>About us<\/h3>\n<p>At Tegsn\u00e4s Logistics, we have extensive experience in warehousing and logistics. We have accumulated knowledge and great experience in managing warehouse solutions for large world-leading industrial customers as well as smaller players in e-commerce.<\/p>\n<h3>Office opportunities<\/h3>\n<p>In the same building, offices are also available for rent via Tegsn\u00e4s Group. In other words, it is possible to customise an optimal overall solution. The offices are airy and representative. The rent includes most of what is needed as an office workplace, printer, conference room, kitchen, coffee machine, stable and secure WIFI, car park (electric car charger option) and more.<\/p>\n<p>The office can be rented even if you are not a warehouse customer.<\/p>\n<p><strong>Facts about the office:<\/strong><\/p>\n<ul>\n<li>Rooms, individual rooms up to 5, about 8 square metres.<\/li>\n<li>Conference room, project room.<\/li>\n<li>Wifi.<\/li>\n<li>Printers.<\/li>\n<li>Kitchen, coffee machine, microwave ovens.<\/li>\n<li>Parking.<\/li>\n<li>Close to road 363, Ume\u00e5 ring road and Ume\u00e5 city centre.<\/li>\n<\/ul>\n<h3>Want to know more about our warehouse in Ume\u00e5?<\/h3>\n<p>Contact: Emil Lundgren, Site Manager Tegsn\u00e4s Logistics,<br \/>\nemil.lundgren@tegsnas.com,<br \/>\nTel: +46 (0)70-603 58 20<\/p>\n<h3>Want to know more about our office in Ume\u00e5?<\/h3>\n<p>Contact: Jimmy Nilsson, CEO \/ Sales Manager Tegsn\u00e4s Group,<br \/>\njimmy.nilsson@tegsnas.com<br \/>\nTel: +46 (0)70-525 48 24<\/p>\n<p><img loading=\"lazy\" decoding=\"async\" class=\"alignnone size-full wp-image-4876\" src=\"https:\/\/tegsnas.se\/wp-content\/uploads\/2025\/06\/1000011575_lighted_1920x1280.jpg\" alt=\"\" width=\"1920\" height=\"1280\" title=\"\" srcset=\"https:\/\/tegsnas.se\/wp-content\/uploads\/2025\/06\/1000011575_lighted_1920x1280.jpg 1920w, https:\/\/tegsnas.se\/wp-content\/uploads\/2025\/06\/1000011575_lighted_1920x1280-300x200.jpg 300w, https:\/\/tegsnas.se\/wp-content\/uploads\/2025\/06\/1000011575_lighted_1920x1280-1024x683.jpg 1024w, https:\/\/tegsnas.se\/wp-content\/uploads\/2025\/06\/1000011575_lighted_1920x1280-768x512.jpg 768w, https:\/\/tegsnas.se\/wp-content\/uploads\/2025\/06\/1000011575_lighted_1920x1280-1536x1024.jpg 1536w, https:\/\/tegsnas.se\/wp-content\/uploads\/2025\/06\/1000011575_lighted_1920x1280-18x12.jpg 18w, https:\/\/tegsnas.se\/wp-content\/uploads\/2025\/06\/1000011575_lighted_1920x1280-480x320.jpg 480w, https:\/\/tegsnas.se\/wp-content\/uploads\/2025\/06\/1000011575_lighted_1920x1280-640x427.jpg 640w, https:\/\/tegsnas.se\/wp-content\/uploads\/2025\/06\/1000011575_lighted_1920x1280-720x480.jpg 720w, https:\/\/tegsnas.se\/wp-content\/uploads\/2025\/06\/1000011575_lighted_1920x1280-960x640.jpg 960w, https:\/\/tegsnas.se\/wp-content\/uploads\/2025\/06\/1000011575_lighted_1920x1280-1168x779.jpg 1168w, https:\/\/tegsnas.se\/wp-content\/uploads\/2025\/06\/1000011575_lighted_1920x1280-1440x960.jpg 1440w\" sizes=\"auto, (max-width: 1920px) 100vw, 1920px\" \/><\/p>\n<p><img loading=\"lazy\" decoding=\"async\" class=\"alignnone size-full wp-image-4874\" src=\"https:\/\/tegsnas.se\/wp-content\/uploads\/2025\/06\/1000011549_lighted_1920x1280.jpg\" alt=\"\" width=\"1920\" height=\"1280\" title=\"\" srcset=\"https:\/\/tegsnas.se\/wp-content\/uploads\/2025\/06\/1000011549_lighted_1920x1280.jpg 1920w, https:\/\/tegsnas.se\/wp-content\/uploads\/2025\/06\/1000011549_lighted_1920x1280-300x200.jpg 300w, https:\/\/tegsnas.se\/wp-content\/uploads\/2025\/06\/1000011549_lighted_1920x1280-1024x683.jpg 1024w, https:\/\/tegsnas.se\/wp-content\/uploads\/2025\/06\/1000011549_lighted_1920x1280-768x512.jpg 768w, https:\/\/tegsnas.se\/wp-content\/uploads\/2025\/06\/1000011549_lighted_1920x1280-1536x1024.jpg 1536w, https:\/\/tegsnas.se\/wp-content\/uploads\/2025\/06\/1000011549_lighted_1920x1280-18x12.jpg 18w, https:\/\/tegsnas.se\/wp-content\/uploads\/2025\/06\/1000011549_lighted_1920x1280-480x320.jpg 480w, https:\/\/tegsnas.se\/wp-content\/uploads\/2025\/06\/1000011549_lighted_1920x1280-640x427.jpg 640w, https:\/\/tegsnas.se\/wp-content\/uploads\/2025\/06\/1000011549_lighted_1920x1280-720x480.jpg 720w, https:\/\/tegsnas.se\/wp-content\/uploads\/2025\/06\/1000011549_lighted_1920x1280-960x640.jpg 960w, https:\/\/tegsnas.se\/wp-content\/uploads\/2025\/06\/1000011549_lighted_1920x1280-1168x779.jpg 1168w, https:\/\/tegsnas.se\/wp-content\/uploads\/2025\/06\/1000011549_lighted_1920x1280-1440x960.jpg 1440w\" sizes=\"auto, (max-width: 1920px) 100vw, 1920px\" \/><\/p>\n<p><img loading=\"lazy\" decoding=\"async\" class=\"alignnone size-full wp-image-4875\" src=\"https:\/\/tegsnas.se\/wp-content\/uploads\/2025\/06\/1000011553_lighted_1920x1280.jpg\" alt=\"\" width=\"1920\" height=\"1280\" title=\"\" srcset=\"https:\/\/tegsnas.se\/wp-content\/uploads\/2025\/06\/1000011553_lighted_1920x1280.jpg 1920w, https:\/\/tegsnas.se\/wp-content\/uploads\/2025\/06\/1000011553_lighted_1920x1280-300x200.jpg 300w, https:\/\/tegsnas.se\/wp-content\/uploads\/2025\/06\/1000011553_lighted_1920x1280-1024x683.jpg 1024w, https:\/\/tegsnas.se\/wp-content\/uploads\/2025\/06\/1000011553_lighted_1920x1280-768x512.jpg 768w, https:\/\/tegsnas.se\/wp-content\/uploads\/2025\/06\/1000011553_lighted_1920x1280-1536x1024.jpg 1536w, https:\/\/tegsnas.se\/wp-content\/uploads\/2025\/06\/1000011553_lighted_1920x1280-18x12.jpg 18w, https:\/\/tegsnas.se\/wp-content\/uploads\/2025\/06\/1000011553_lighted_1920x1280-480x320.jpg 480w, https:\/\/tegsnas.se\/wp-content\/uploads\/2025\/06\/1000011553_lighted_1920x1280-640x427.jpg 640w, https:\/\/tegsnas.se\/wp-content\/uploads\/2025\/06\/1000011553_lighted_1920x1280-720x480.jpg 720w, https:\/\/tegsnas.se\/wp-content\/uploads\/2025\/06\/1000011553_lighted_1920x1280-960x640.jpg 960w, https:\/\/tegsnas.se\/wp-content\/uploads\/2025\/06\/1000011553_lighted_1920x1280-1168x779.jpg 1168w, https:\/\/tegsnas.se\/wp-content\/uploads\/2025\/06\/1000011553_lighted_1920x1280-1440x960.jpg 1440w\" sizes=\"auto, (max-width: 1920px) 100vw, 1920px\" \/><\/p>\n<p>&nbsp;<\/p>","protected":false},"excerpt":{"rendered":"<p>In Ume\u00e5, Tegsn\u00e4s Logistics offers brand new warehouse premises adapted for several different types of business. Do you need to rent your own part? Then this could be the right place for you.<\/p>","protected":false},"author":2,"featured_media":4872,"parent":2347,"menu_order":35,"comment_status":"closed","ping_status":"closed","template":"","meta":{"_acf_changed":false,"footnotes":""},"tagg":[],"class_list":["post-4855","page","type-page","status-publish","has-post-thumbnail","hentry"],"acf":[],"_links":{"self":[{"href":"https:\/\/tegsnas.se\/en\/wp-json\/wp\/v2\/pages\/4855","targetHints":{"allow":["GET"]}}],"collection":[{"href":"https:\/\/tegsnas.se\/en\/wp-json\/wp\/v2\/pages"}],"about":[{"href":"https:\/\/tegsnas.se\/en\/wp-json\/wp\/v2\/types\/page"}],"author":[{"embeddable":true,"href":"https:\/\/tegsnas.se\/en\/wp-json\/wp\/v2\/users\/2"}],"replies":[{"embeddable":true,"href":"https:\/\/tegsnas.se\/en\/wp-json\/wp\/v2\/comments?post=4855"}],"version-history":[{"count":3,"href":"https:\/\/tegsnas.se\/en\/wp-json\/wp\/v2\/pages\/4855\/revisions"}],"predecessor-version":[{"id":4878,"href":"https:\/\/tegsnas.se\/en\/wp-json\/wp\/v2\/pages\/4855\/revisions\/4878"}],"up":[{"embeddable":true,"href":"https:\/\/tegsnas.se\/en\/wp-json\/wp\/v2\/pages\/2347"}],"wp:featuredmedia":[{"embeddable":true,"href":"https:\/\/tegsnas.se\/en\/wp-json\/wp\/v2\/media\/4872"}],"wp:attachment":[{"href":"https:\/\/tegsnas.se\/en\/wp-json\/wp\/v2\/media?parent=4855"}],"wp:term":[{"taxonomy":"tagg","embeddable":true,"href":"https:\/\/tegsnas.se\/en\/wp-json\/wp\/v2\/tagg?post=4855"}],"curies":[{"name":"wp","href":"https:\/\/api.w.org\/{rel}","templated":true}]}}