{"id":738,"date":"2023-09-08T19:55:57","date_gmt":"2023-09-08T17:55:57","guid":{"rendered":"https:\/\/xeca.a.vaia.cloud\/?page_id=738"},"modified":"2023-10-13T15:53:59","modified_gmt":"2023-10-13T13:53:59","slug":"home","status":"publish","type":"page","link":"https:\/\/tegsnas.se\/en\/hemmet\/","title":{"rendered":"The home"},"content":{"rendered":"<p>Tegsn\u00e4shus has its origins in a passion for wood and construction. Creating homes that give feeling and security is a guiding principle in the work. Behind Tegsn\u00e4shus is a solid knowledge of industrial production, house building and wood as a material. Tegsn\u00e4shus stands for professional pride, reliability and flexibility.<\/p>\n<h3>Ambition and endeavour<\/h3>\n<p>Tegsn\u00e4shus endeavours to find solutions that suit every customer. By using building materials of the highest quality, Tegsn\u00e4shus is a sustainable and long-term option. There is a wide selection of materials and together with the customer, the best options are developed based on the conditions. Tegsn\u00e4shus uses leading designs and likes to create what gives that little extra.<\/p>\n<h3>Experience and togetherness<\/h3>\n<p>Behind Tegsn\u00e4shus are Tegsn\u00e4s Group and URM Bygg. Tegsn\u00e4s Group is a group that produces wood materials for various industries, packaging as well as the famous Tegsn\u00e4s Skidan. URM Bygg is a recognised construction company in house building and carpentry. The organisation is pithy, the decision paths are short and the sense of togetherness is a strength. Experience produces good results.<\/p>\n<p>Read more at <a href=\"https:\/\/tegsnashus.se\" target=\"_blank\" rel=\"noopener\">tegsnashus.se<\/a><\/p>","protected":false},"excerpt":{"rendered":"<p>Tegsn\u00e4shus builds villas and holiday homes and creates homes with personality. <\/p>","protected":false},"author":2,"featured_media":1242,"parent":0,"menu_order":7,"comment_status":"closed","ping_status":"closed","template":"","meta":{"_acf_changed":false,"footnotes":""},"tagg":[16],"class_list":["post-738","page","type-page","status-publish","has-post-thumbnail","hentry","tagg-puff"],"acf":[],"_links":{"self":[{"href":"https:\/\/tegsnas.se\/en\/wp-json\/wp\/v2\/pages\/738","targetHints":{"allow":["GET"]}}],"collection":[{"href":"https:\/\/tegsnas.se\/en\/wp-json\/wp\/v2\/pages"}],"about":[{"href":"https:\/\/tegsnas.se\/en\/wp-json\/wp\/v2\/types\/page"}],"author":[{"embeddable":true,"href":"https:\/\/tegsnas.se\/en\/wp-json\/wp\/v2\/users\/2"}],"replies":[{"embeddable":true,"href":"https:\/\/tegsnas.se\/en\/wp-json\/wp\/v2\/comments?post=738"}],"version-history":[{"count":0,"href":"https:\/\/tegsnas.se\/en\/wp-json\/wp\/v2\/pages\/738\/revisions"}],"wp:featuredmedia":[{"embeddable":true,"href":"https:\/\/tegsnas.se\/en\/wp-json\/wp\/v2\/media\/1242"}],"wp:attachment":[{"href":"https:\/\/tegsnas.se\/en\/wp-json\/wp\/v2\/media?parent=738"}],"wp:term":[{"taxonomy":"tagg","embeddable":true,"href":"https:\/\/tegsnas.se\/en\/wp-json\/wp\/v2\/tagg?post=738"}],"curies":[{"name":"wp","href":"https:\/\/api.w.org\/{rel}","templated":true}]}}